{"id":41348,"date":"2026-03-07T08:45:27","date_gmt":"2026-03-07T08:45:27","guid":{"rendered":"https:\/\/www.c2psu.com\/?post_type=product&#038;p=41348"},"modified":"2026-03-07T11:10:28","modified_gmt":"2026-03-07T11:10:28","slug":"mean-well-lop-200-series-open-frame-power-supply","status":"publish","type":"product","link":"https:\/\/www.c2psu.com\/pt\/product\/mean-well-lop-200-series-open-frame-power-supply\/","title":{"rendered":"MEAN WELL LOP-200 Series Open Frame Power Supply for Medical, Industrial &#038; ITE Applications"},"content":{"rendered":"<p>MEAN WELL LOP-200 series\u2014a 200W high-reliability open frame power supply featuring an\u00a0<strong>ultra-compact 4&#8243;\u00d72&#8243; footprint with low profile (25.4mm height)<\/strong>\u00a0for space-constrained applications\u00a0. This next-generation PCB-type power supply delivers\u00a0<strong>up to 94% efficiency<\/strong> with universal 80-264VAC input and built-in PFC.<\/p>\n<p>&nbsp;<\/p>\n<p class=\"ds-markdown-paragraph\"><strong>Key Specifications\u00a0:<\/strong><\/p>\n<ul>\n<li>\n<p class=\"ds-markdown-paragraph\"><strong>Dimensions:<\/strong>\u00a0101.6 \u00d7 50.8 \u00d7 25.4 mm (4&#8243;\u00d72&#8243;\u00d71&#8243;)<\/p>\n<\/li>\n<li>\n<p class=\"ds-markdown-paragraph\"><strong>Input:<\/strong>\u00a080-264VAC (47-63Hz) or 113-370VDC with active PFC (PF&gt;0.95\/230VAC, &gt;0.98\/115VAC)<\/p>\n<\/li>\n<li>\n<p class=\"ds-markdown-paragraph\"><strong>Efici\u00eancia:<\/strong>\u00a0Up to 94% (24V-54V models)<\/p>\n<\/li>\n<li>\n<p class=\"ds-markdown-paragraph\"><strong>No-load consumption:<\/strong>\u00a0&lt;0.5W<\/p>\n<\/li>\n<\/ul>\n<p class=\"ds-markdown-paragraph\"><strong>Output Models\u00a0:<\/strong><\/p>\n<div class=\"ds-scroll-area _1210dd7 c03cafe9\">\n<table>\n<thead>\n<tr>\n<th>Model<\/th>\n<th>Tens\u00e3o de sa\u00edda<\/th>\n<th>Current (Forced Air)<\/th>\n<th>Current (Convection)<\/th>\n<th>Peak Current (3s)<\/th>\n<\/tr>\n<\/thead>\n<tbody>\n<tr>\n<td>LOP-200-12<\/td>\n<td>12V (11.4-12.6V adj.)<\/td>\n<td>16.7A<\/td>\n<td>11.7A<\/td>\n<td>25A<\/td>\n<\/tr>\n<tr>\n<td>LOP-200-24<\/td>\n<td>24V (22.8-25.2V adj.)<\/td>\n<td>8.4A<\/td>\n<td>5.9A<\/td>\n<td>12.5A<\/td>\n<\/tr>\n<tr>\n<td>LOP-200-48<\/td>\n<td>48V (45.6-50.4V adj.)<\/td>\n<td>4.2A<\/td>\n<td>3.0A<\/td>\n<td>6.3A<\/td>\n<\/tr>\n<tr>\n<td>LOP-200-54<\/td>\n<td>54V (52-58V adj.)<\/td>\n<td>3.8A<\/td>\n<td>2.7A<\/td>\n<td>5.6A<\/td>\n<\/tr>\n<\/tbody>\n<\/table>\n<\/div>\n<p class=\"ds-markdown-paragraph\"><strong>Protections\u00a0:<\/strong>\u00a0Short circuit (hiccup, auto-recovery), Overload (105-130%), Over voltage (110-140%), Over temperature<\/p>\n<p class=\"ds-markdown-paragraph\"><strong>Environmental\u00a0:<\/strong><\/p>\n<ul>\n<li>\n<p class=\"ds-markdown-paragraph\">Operating Temperature: -40\u00b0C to +80\u00b0C (derating above +40\u00b0C)<\/p>\n<\/li>\n<li>\n<p class=\"ds-markdown-paragraph\">Leakage Current: Earth &lt;500\u00b5A, Touch &lt;70\u00b5A @264VAC<\/p>\n<\/li>\n<li>\n<p class=\"ds-markdown-paragraph\">MTBF: &gt;500,000 hours<\/p>\n<\/li>\n<\/ul>\n<p class=\"ds-markdown-paragraph\"><strong>Safety Approvals\u00a0:<\/strong>\u00a0UL62368-1, CSA22.2, TUV EN62368-1, IEC60601-1 (2xMOPP, BF suitable), IEC60335-1, IEC61558-1\/-2-16, CB, CE, EAC, RCM<\/p>","protected":false},"excerpt":{"rendered":"<p>MEAN WELL LOP-200 series\u2014a 200W high-reliability open frame power supply featuring an\u00a0<strong>ultra-compact 4&#8243;\u00d72&#8243; footprint with low profile (25.4mm height)<\/strong>\u00a0for space-constrained applications\u00a0. This next-generation PCB-type power supply delivers\u00a0<strong>up to 94% efficiency<\/strong> with universal 80-264VAC input and built-in PFC.<\/p>","protected":false},"featured_media":41407,"comment_status":"open","ping_status":"closed","template":"","meta":{"_acf_changed":false,"_elementor_edit_mode":"","_elementor_template_type":"","_elementor_data":"","_elementor_page_settings":null,"_elementor_conditions":[]},"etheme_brands":[{"term_id":156,"name":"MEANWELL","slug":"meanwell","term_group":0,"term_taxonomy_id":156,"taxonomy":"brand","description":"MEAN WELL is not a consumer brand but a\u00a0<strong>cornerstone of the global industrial ecosystem<\/strong>. Its products are the invisible, reliable \"power heart\" inside millions of machines and systems worldwide. Choosing MEAN WELL is rarely about cutting-edge specs for a single product; it's about choosing\u00a0<strong>risk mitigation, supply chain certainty, and proven performance at scale<\/strong>\u00a0for critical applications.\r\n<div id=\"gtx-trans\" style=\"position: absolute;left: 45px;top: 86px\">\r\n<div class=\"gtx-trans-icon\"><\/div>\r\n<\/div>","parent":0,"count":737,"filter":"raw"}],"product_brand":[608],"product_cat":[161,201],"product_tag":[6631,299,961,6630,6632,6633,6635,6634,900],"class_list":{"0":"post-41348","1":"product","2":"type-product","3":"status-publish","4":"has-post-thumbnail","6":"brand-meanwell","7":"product_brand-meanwell-brand","8":"product_cat-ac-dc-power-supplies","9":"product_cat-open-frame-power-supplies","10":"product_tag-00w-open-frame-power-supplies","11":"product_tag-12v","12":"product_tag-54v","13":"product_tag-80-264vac-47-63hz-or-113-370vdc","14":"product_tag-industrial-ite-applications","15":"product_tag-mean-well-lop-200-12","16":"product_tag-mean-well-lop-200-24","17":"product_tag-mean-well-lop-200-48","18":"product_tag-medical","19":"pa_option-lop-200-12-12v11-7a","20":"pa_option-lop-200-15-15v9-4a","21":"pa_option-lop-200-18-18v7-8a","22":"pa_option-lop-200-24-24v5-9a","23":"pa_option-lop-200-27-27v5-3a","24":"pa_option-lop-200-36-36v3-9a","25":"pa_option-lop-200-48-48v3a","26":"pa_option-lop-200-54-54v2-7a","28":"first","29":"instock","30":"sale","31":"featured","32":"taxable","33":"shipping-taxable","34":"purchasable","35":"product-type-variable"},"acf":[],"yoast_head":"<!-- This site is optimized with the Yoast SEO Premium plugin v25.5 (Yoast SEO v26.6) - https:\/\/yoast.com\/wordpress\/plugins\/seo\/ -->\n<title>MEAN WELL LOP-200 series 200W open frame power supplies<\/title>\n<meta name=\"description\" content=\"MEAN WELL LOP-200 series\u2014a 200W high-reliability open frame power supply featuring an\u00a0ultra-compact 4&quot;\u00d72&quot; footprint with low profile (25.4mm height)\u00a0for\" \/>\n<meta name=\"robots\" content=\"index, follow, max-snippet:-1, max-image-preview:large, max-video-preview:-1\" \/>\n<link rel=\"canonical\" href=\"https:\/\/www.c2psu.com\/pt\/product\/mean-well-lop-200-series-open-frame-power-supply\/\" \/>\n<meta property=\"og:locale\" content=\"pt_PT\" \/>\n<meta property=\"og:type\" content=\"article\" \/>\n<meta property=\"og:title\" content=\"MEAN WELL LOP-200 Series Open Frame Power Supply for Medical, Industrial &amp; ITE Applications\" \/>\n<meta property=\"og:description\" content=\"MEAN WELL LOP-200 series\u2014a 200W high-reliability open frame power supply featuring an\u00a0ultra-compact 4&quot;\u00d72&quot; footprint with low profile (25.4mm height)\u00a0for\" \/>\n<meta property=\"og:url\" content=\"https:\/\/www.c2psu.com\/pt\/product\/mean-well-lop-200-series-open-frame-power-supply\/\" \/>\n<meta property=\"og:site_name\" content=\"C2PSU\" \/>\n<meta property=\"article:modified_time\" content=\"2026-03-07T11:10:28+00:00\" \/>\n<meta property=\"og:image\" content=\"https:\/\/www.c2psu.com\/wp-content\/uploads\/LOP-200_05.jpg\" \/>\n\t<meta property=\"og:image:width\" content=\"800\" \/>\n\t<meta property=\"og:image:height\" content=\"800\" \/>\n\t<meta property=\"og:image:type\" content=\"image\/jpeg\" \/>\n<meta name=\"twitter:card\" content=\"summary_large_image\" \/>\n<meta name=\"twitter:label1\" content=\"Disponibilidade\" \/>\n\t<meta name=\"twitter:data1\" content=\"Em stock\" \/>\n<script type=\"application\/ld+json\" class=\"yoast-schema-graph\">{\"@context\":\"https:\/\/schema.org\",\"@graph\":[{\"@type\":\"WebPage\",\"@id\":\"https:\/\/www.c2psu.com\/product\/mean-well-lop-200-series-open-frame-power-supply\/\",\"url\":\"https:\/\/www.c2psu.com\/product\/mean-well-lop-200-series-open-frame-power-supply\/\",\"name\":\"MEAN WELL LOP-200 series 200W open frame power supplies\",\"isPartOf\":{\"@id\":\"https:\/\/www.c2psu.com\/#website\"},\"primaryImageOfPage\":{\"@id\":\"https:\/\/www.c2psu.com\/product\/mean-well-lop-200-series-open-frame-power-supply\/#primaryimage\"},\"image\":{\"@id\":\"https:\/\/www.c2psu.com\/product\/mean-well-lop-200-series-open-frame-power-supply\/#primaryimage\"},\"thumbnailUrl\":\"https:\/\/www.c2psu.com\/wp-content\/uploads\/LOP-200_05.jpg\",\"datePublished\":\"2026-03-07T08:45:27+00:00\",\"dateModified\":\"2026-03-07T11:10:28+00:00\",\"description\":\"MEAN WELL LOP-200 series\u2014a 200W high-reliability open frame power supply featuring an\u00a0ultra-compact 4\\\"\u00d72\\\" footprint with low profile (25.4mm height)\u00a0for\",\"breadcrumb\":{\"@id\":\"https:\/\/www.c2psu.com\/product\/mean-well-lop-200-series-open-frame-power-supply\/#breadcrumb\"},\"inLanguage\":\"pt-PT\",\"potentialAction\":[{\"@type\":\"ReadAction\",\"target\":[\"https:\/\/www.c2psu.com\/product\/mean-well-lop-200-series-open-frame-power-supply\/\"]}]},{\"@type\":\"ImageObject\",\"inLanguage\":\"pt-PT\",\"@id\":\"https:\/\/www.c2psu.com\/product\/mean-well-lop-200-series-open-frame-power-supply\/#primaryimage\",\"url\":\"https:\/\/www.c2psu.com\/wp-content\/uploads\/LOP-200_05.jpg\",\"contentUrl\":\"https:\/\/www.c2psu.com\/wp-content\/uploads\/LOP-200_05.jpg\",\"width\":800,\"height\":800},{\"@type\":\"BreadcrumbList\",\"@id\":\"https:\/\/www.c2psu.com\/product\/mean-well-lop-200-series-open-frame-power-supply\/#breadcrumb\",\"itemListElement\":[{\"@type\":\"ListItem\",\"position\":1,\"name\":\"Home\",\"item\":\"https:\/\/www.c2psu.com\/\"},{\"@type\":\"ListItem\",\"position\":2,\"name\":\"Shop\",\"item\":\"https:\/\/www.c2psu.com\/products\/\"},{\"@type\":\"ListItem\",\"position\":3,\"name\":\"MEAN WELL LOP-200 Series Open Frame Power Supply for Medical, Industrial &#038; ITE Applications\"}]},{\"@type\":\"WebSite\",\"@id\":\"https:\/\/www.c2psu.com\/#website\",\"url\":\"https:\/\/www.c2psu.com\/\",\"name\":\"C2PSU\",\"description\":\"Industrial electronics\",\"publisher\":{\"@id\":\"https:\/\/www.c2psu.com\/#organization\"},\"alternateName\":\"C2PSU-Industrial electronics\",\"potentialAction\":[{\"@type\":\"SearchAction\",\"target\":{\"@type\":\"EntryPoint\",\"urlTemplate\":\"https:\/\/www.c2psu.com\/?s={search_term_string}\"},\"query-input\":{\"@type\":\"PropertyValueSpecification\",\"valueRequired\":true,\"valueName\":\"search_term_string\"}}],\"inLanguage\":\"pt-PT\"},{\"@type\":\"Organization\",\"@id\":\"https:\/\/www.c2psu.com\/#organization\",\"name\":\"C2PSU\",\"url\":\"https:\/\/www.c2psu.com\/\",\"logo\":{\"@type\":\"ImageObject\",\"inLanguage\":\"pt-PT\",\"@id\":\"https:\/\/www.c2psu.com\/#\/schema\/logo\/image\/\",\"url\":\"https:\/\/www.c2psu.com\/wp-content\/uploads\/2025\/11\/C2PSU.png\",\"contentUrl\":\"https:\/\/www.c2psu.com\/wp-content\/uploads\/2025\/11\/C2PSU.png\",\"width\":755,\"height\":374,\"caption\":\"C2PSU\"},\"image\":{\"@id\":\"https:\/\/www.c2psu.com\/#\/schema\/logo\/image\/\"},\"hasMerchantReturnPolicy\":{\"@type\":\"MerchantReturnPolicy\",\"merchantReturnLink\":\"https:\/\/www.c2psu.com\/pt\/refund_returns\/\"}}]}<\/script>\n<meta property=\"og:availability\" content=\"instock\" \/>\n<meta property=\"product:availability\" content=\"instock\" \/>\n<meta property=\"product:retailer_item_id\" content=\"776851212164-MEAN WELL LOP-200 Series Open Frame Power Supply\" \/>\n<meta property=\"product:condition\" content=\"new\" \/>\n<!-- \/ Yoast SEO Premium plugin. -->","yoast_head_json":{"title":"MEAN WELL LOP-200 series 200W open frame power supplies","description":"MEAN WELL LOP-200 series\u2014a 200W high-reliability open frame power supply featuring an\u00a0ultra-compact 4\"\u00d72\" footprint with low profile (25.4mm height)\u00a0for","robots":{"index":"index","follow":"follow","max-snippet":"max-snippet:-1","max-image-preview":"max-image-preview:large","max-video-preview":"max-video-preview:-1"},"canonical":"https:\/\/www.c2psu.com\/pt\/product\/mean-well-lop-200-series-open-frame-power-supply\/","og_locale":"pt_PT","og_type":"article","og_title":"MEAN WELL LOP-200 Series Open Frame Power Supply for Medical, Industrial & ITE Applications","og_description":"MEAN WELL LOP-200 series\u2014a 200W high-reliability open frame power supply featuring an\u00a0ultra-compact 4\"\u00d72\" footprint with low profile (25.4mm height)\u00a0for","og_url":"https:\/\/www.c2psu.com\/pt\/product\/mean-well-lop-200-series-open-frame-power-supply\/","og_site_name":"C2PSU","article_modified_time":"2026-03-07T11:10:28+00:00","og_image":[{"width":800,"height":800,"url":"https:\/\/www.c2psu.com\/wp-content\/uploads\/LOP-200_05.jpg","type":"image\/jpeg"}],"twitter_card":"summary_large_image","twitter_misc":{"Disponibilidade":"Em stock"},"schema":{"@context":"https:\/\/schema.org","@graph":[{"@type":"WebPage","@id":"https:\/\/www.c2psu.com\/product\/mean-well-lop-200-series-open-frame-power-supply\/","url":"https:\/\/www.c2psu.com\/product\/mean-well-lop-200-series-open-frame-power-supply\/","name":"MEAN WELL LOP-200 series 200W open frame power supplies","isPartOf":{"@id":"https:\/\/www.c2psu.com\/#website"},"primaryImageOfPage":{"@id":"https:\/\/www.c2psu.com\/product\/mean-well-lop-200-series-open-frame-power-supply\/#primaryimage"},"image":{"@id":"https:\/\/www.c2psu.com\/product\/mean-well-lop-200-series-open-frame-power-supply\/#primaryimage"},"thumbnailUrl":"https:\/\/www.c2psu.com\/wp-content\/uploads\/LOP-200_05.jpg","datePublished":"2026-03-07T08:45:27+00:00","dateModified":"2026-03-07T11:10:28+00:00","description":"MEAN WELL LOP-200 series\u2014a 200W high-reliability open frame power supply featuring an\u00a0ultra-compact 4\"\u00d72\" footprint with low profile (25.4mm height)\u00a0for","breadcrumb":{"@id":"https:\/\/www.c2psu.com\/product\/mean-well-lop-200-series-open-frame-power-supply\/#breadcrumb"},"inLanguage":"pt-PT","potentialAction":[{"@type":"ReadAction","target":["https:\/\/www.c2psu.com\/product\/mean-well-lop-200-series-open-frame-power-supply\/"]}]},{"@type":"ImageObject","inLanguage":"pt-PT","@id":"https:\/\/www.c2psu.com\/product\/mean-well-lop-200-series-open-frame-power-supply\/#primaryimage","url":"https:\/\/www.c2psu.com\/wp-content\/uploads\/LOP-200_05.jpg","contentUrl":"https:\/\/www.c2psu.com\/wp-content\/uploads\/LOP-200_05.jpg","width":800,"height":800},{"@type":"BreadcrumbList","@id":"https:\/\/www.c2psu.com\/product\/mean-well-lop-200-series-open-frame-power-supply\/#breadcrumb","itemListElement":[{"@type":"ListItem","position":1,"name":"Home","item":"https:\/\/www.c2psu.com\/"},{"@type":"ListItem","position":2,"name":"Shop","item":"https:\/\/www.c2psu.com\/products\/"},{"@type":"ListItem","position":3,"name":"MEAN WELL LOP-200 Series Open Frame Power Supply for Medical, Industrial &#038; ITE Applications"}]},{"@type":"WebSite","@id":"https:\/\/www.c2psu.com\/#website","url":"https:\/\/www.c2psu.com\/","name":"C2PSU","description":"Industrial electronics","publisher":{"@id":"https:\/\/www.c2psu.com\/#organization"},"alternateName":"C2PSU-Industrial electronics","potentialAction":[{"@type":"SearchAction","target":{"@type":"EntryPoint","urlTemplate":"https:\/\/www.c2psu.com\/?s={search_term_string}"},"query-input":{"@type":"PropertyValueSpecification","valueRequired":true,"valueName":"search_term_string"}}],"inLanguage":"pt-PT"},{"@type":"Organization","@id":"https:\/\/www.c2psu.com\/#organization","name":"C2PSU","url":"https:\/\/www.c2psu.com\/","logo":{"@type":"ImageObject","inLanguage":"pt-PT","@id":"https:\/\/www.c2psu.com\/#\/schema\/logo\/image\/","url":"https:\/\/www.c2psu.com\/wp-content\/uploads\/2025\/11\/C2PSU.png","contentUrl":"https:\/\/www.c2psu.com\/wp-content\/uploads\/2025\/11\/C2PSU.png","width":755,"height":374,"caption":"C2PSU"},"image":{"@id":"https:\/\/www.c2psu.com\/#\/schema\/logo\/image\/"},"hasMerchantReturnPolicy":{"@type":"MerchantReturnPolicy","merchantReturnLink":"https:\/\/www.c2psu.com\/pt\/refund_returns\/"}}]},"og_availability":"instock","product_availability":"instock","product_retailer_item_id":"776851212164-MEAN WELL LOP-200 Series Open Frame Power Supply","product_condition":"new"},"jetpack_sharing_enabled":true,"_links":{"self":[{"href":"https:\/\/www.c2psu.com\/pt\/wp-json\/wp\/v2\/product\/41348","targetHints":{"allow":["GET"]}}],"collection":[{"href":"https:\/\/www.c2psu.com\/pt\/wp-json\/wp\/v2\/product"}],"about":[{"href":"https:\/\/www.c2psu.com\/pt\/wp-json\/wp\/v2\/types\/product"}],"replies":[{"embeddable":true,"href":"https:\/\/www.c2psu.com\/pt\/wp-json\/wp\/v2\/comments?post=41348"}],"version-history":[{"count":1,"href":"https:\/\/www.c2psu.com\/pt\/wp-json\/wp\/v2\/product\/41348\/revisions"}],"predecessor-version":[{"id":41356,"href":"https:\/\/www.c2psu.com\/pt\/wp-json\/wp\/v2\/product\/41348\/revisions\/41356"}],"wp:featuredmedia":[{"embeddable":true,"href":"https:\/\/www.c2psu.com\/pt\/wp-json\/wp\/v2\/media\/41407"}],"wp:attachment":[{"href":"https:\/\/www.c2psu.com\/pt\/wp-json\/wp\/v2\/media?parent=41348"}],"wp:term":[{"taxonomy":"brand","embeddable":true,"href":"https:\/\/www.c2psu.com\/pt\/wp-json\/wp\/v2\/etheme_brands?post=41348"},{"taxonomy":"product_brand","embeddable":true,"href":"https:\/\/www.c2psu.com\/pt\/wp-json\/wp\/v2\/product_brand?post=41348"},{"taxonomy":"product_cat","embeddable":true,"href":"https:\/\/www.c2psu.com\/pt\/wp-json\/wp\/v2\/product_cat?post=41348"},{"taxonomy":"product_tag","embeddable":true,"href":"https:\/\/www.c2psu.com\/pt\/wp-json\/wp\/v2\/product_tag?post=41348"}],"curies":[{"name":"wp","href":"https:\/\/api.w.org\/{rel}","templated":true}]}}