{"id":34196,"date":"2026-01-14T16:31:12","date_gmt":"2026-01-14T16:31:12","guid":{"rendered":"https:\/\/c2psu.com\/?post_type=product&#038;p=34196"},"modified":"2026-03-01T06:58:24","modified_gmt":"2026-03-01T06:58:24","slug":"siemens-logo-am2-rtd-expansion-module-power-supply-12-24vdc-6ed1055-1md00-0ba2","status":"publish","type":"product","link":"https:\/\/www.c2psu.com\/pt\/product\/siemens-logo-am2-rtd-expansion-module-power-supply-12-24vdc-6ed1055-1md00-0ba2\/","title":{"rendered":"Fonte de alimenta\u00e7\u00e3o do m\u00f3dulo de expans\u00e3o Siemens LOGO!AM2 RTD 12\/24VDC 6ED1055-1MD00-0BA2"},"content":{"rendered":"<p>Siemens<\/p>","protected":false},"excerpt":{"rendered":"<p>O\u00a0<strong>LOGO! da Siemens M\u00f3dulo de expans\u00e3o de RTD AM2 (6ED1055-1MD00-0BA2)<\/strong>\u00a0\u00e9 um m\u00f3dulo de interface especializado concebido para expandir as capacidades do\u00a0<strong>Siemens LOGO! 8 controlador l\u00f3gico program\u00e1vel<\/strong>. Acrescenta um sistema de alta precis\u00e3o\u00a0<strong>Canal de entrada do detetor de temperatura de resist\u00eancia (RTD)<\/strong>, permitindo a liga\u00e7\u00e3o direta e a medi\u00e7\u00e3o da temperatura de sensores RTD industriais como\u00a0<strong>Pt100, Pt200, Pt500 e Pt1000<\/strong>\u00a0tipos.<\/p>","protected":false},"featured_media":34198,"comment_status":"open","ping_status":"closed","template":"","meta":{"_acf_changed":false,"_elementor_edit_mode":"","_elementor_template_type":"","_elementor_data":"","_elementor_page_settings":null,"_elementor_conditions":[]},"etheme_brands":[{"term_id":5558,"name":"SIEMENS","slug":"siemens","term_group":0,"term_taxonomy_id":5558,"taxonomy":"brand","description":"Siemens AG is a\u00a0<strong>German multinational technology conglomerate<\/strong>\u00a0headquartered in Munich, Germany. As a global powerhouse in industrial manufacturing and technology, it operates across the digital industrial, smart infrastructure, mobility, and healthcare sectors.\r\n\r\nAt Siemens, our purpose is to create technology to transform the everyday, for everyone. We are a leading technology company focused on industry, infrastructure, transport, and healthcare, driven by the belief that sustainability is good business and serves as a powerful force for good.\r\n<div id=\"gtx-trans\" style=\"position: absolute;left: 513px;top: 174px\">\r\n<div class=\"gtx-trans-icon\"><\/div>\r\n<\/div>","parent":0,"count":100,"filter":"raw"}],"product_brand":[610],"product_cat":[605],"product_tag":[1225,4827,4806,4396,4785,429,305,3740,3479,308],"class_list":{"0":"post-34196","1":"product","2":"type-product","3":"status-publish","4":"has-post-thumbnail","6":"brand-siemens","7":"product_brand-siemens","8":"product_cat-programmable-logic-controllers-plcs","9":"product_tag-24vdc-2","10":"product_tag-6ed1055-1md00-0ba2","11":"product_tag-am2","12":"product_tag-expansion","13":"product_tag-logo","14":"product_tag-module","15":"product_tag-power","16":"product_tag-rtd","17":"product_tag-siemens-5","18":"product_tag-supply","19":"pa_option-6ed1055-1md00-0ba2-2","21":"first","22":"instock","23":"sale","24":"purchasable","25":"product-type-simple"},"acf":[],"yoast_head":"<!-- This site is optimized with the Yoast SEO Premium plugin v25.5 (Yoast SEO v26.6) - https:\/\/yoast.com\/wordpress\/plugins\/seo\/ -->\n<title>Siemens Module Power Supply 12\/24VDC 6ED1055-1MD00-0BA2<\/title>\n<meta name=\"description\" content=\"The Siemens LOGO! AM2 RTD Expansion Module (6ED1055-1MD00-0BA2) is a specialized interface module designed to expand the capabilities of the Siemens LOGO!\" \/>\n<meta name=\"robots\" content=\"index, follow, max-snippet:-1, max-image-preview:large, max-video-preview:-1\" \/>\n<link rel=\"canonical\" href=\"https:\/\/www.c2psu.com\/pt\/product\/siemens-logo-am2-rtd-expansion-module-power-supply-12-24vdc-6ed1055-1md00-0ba2\/\" \/>\n<meta property=\"og:locale\" content=\"pt_PT\" \/>\n<meta property=\"og:type\" content=\"article\" \/>\n<meta property=\"og:title\" content=\"Siemens LOGO!AM2 RTD Expansion Module Power Supply 12\/24VDC 6ED1055-1MD00-0BA2\" \/>\n<meta property=\"og:description\" content=\"The Siemens LOGO! AM2 RTD Expansion Module (6ED1055-1MD00-0BA2) is a specialized interface module designed to expand the capabilities of the Siemens LOGO!\" \/>\n<meta property=\"og:url\" content=\"https:\/\/www.c2psu.com\/pt\/product\/siemens-logo-am2-rtd-expansion-module-power-supply-12-24vdc-6ed1055-1md00-0ba2\/\" \/>\n<meta property=\"og:site_name\" content=\"C2PSU\" \/>\n<meta property=\"article:modified_time\" content=\"2026-03-01T06:58:24+00:00\" \/>\n<meta property=\"og:image\" content=\"https:\/\/www.c2psu.com\/wp-content\/uploads\/2026\/01\/products-b936e61c_7242d707-216a-4d01-a1c1-28abafb0d671.jpg\" \/>\n\t<meta property=\"og:image:width\" content=\"800\" \/>\n\t<meta property=\"og:image:height\" content=\"800\" \/>\n\t<meta property=\"og:image:type\" content=\"image\/jpeg\" \/>\n<meta name=\"twitter:card\" content=\"summary_large_image\" \/>\n<meta name=\"twitter:label1\" content=\"pre\u00e7o\" \/>\n\t<meta name=\"twitter:data1\" content=\"&#036;170.00\" \/>\n\t<meta name=\"twitter:label2\" content=\"Disponibilidade\" \/>\n\t<meta name=\"twitter:data2\" content=\"Em stock\" \/>\n<script type=\"application\/ld+json\" class=\"yoast-schema-graph\">{\"@context\":\"https:\/\/schema.org\",\"@graph\":[{\"@type\":\"WebPage\",\"@id\":\"https:\/\/www.c2psu.com\/product\/siemens-logo-am2-rtd-expansion-module-power-supply-12-24vdc-6ed1055-1md00-0ba2\/\",\"url\":\"https:\/\/www.c2psu.com\/product\/siemens-logo-am2-rtd-expansion-module-power-supply-12-24vdc-6ed1055-1md00-0ba2\/\",\"name\":\"Siemens Module Power Supply 12\/24VDC 6ED1055-1MD00-0BA2\",\"isPartOf\":{\"@id\":\"https:\/\/www.c2psu.com\/#website\"},\"primaryImageOfPage\":{\"@id\":\"https:\/\/www.c2psu.com\/product\/siemens-logo-am2-rtd-expansion-module-power-supply-12-24vdc-6ed1055-1md00-0ba2\/#primaryimage\"},\"image\":{\"@id\":\"https:\/\/www.c2psu.com\/product\/siemens-logo-am2-rtd-expansion-module-power-supply-12-24vdc-6ed1055-1md00-0ba2\/#primaryimage\"},\"thumbnailUrl\":\"https:\/\/www.c2psu.com\/wp-content\/uploads\/2026\/01\/products-b936e61c_7242d707-216a-4d01-a1c1-28abafb0d671.jpg\",\"datePublished\":\"2026-01-14T16:31:12+00:00\",\"dateModified\":\"2026-03-01T06:58:24+00:00\",\"description\":\"The Siemens LOGO! AM2 RTD Expansion Module (6ED1055-1MD00-0BA2) is a specialized interface module designed to expand the capabilities of the Siemens LOGO!\",\"breadcrumb\":{\"@id\":\"https:\/\/www.c2psu.com\/product\/siemens-logo-am2-rtd-expansion-module-power-supply-12-24vdc-6ed1055-1md00-0ba2\/#breadcrumb\"},\"inLanguage\":\"pt-PT\",\"potentialAction\":[{\"@type\":\"ReadAction\",\"target\":[\"https:\/\/www.c2psu.com\/product\/siemens-logo-am2-rtd-expansion-module-power-supply-12-24vdc-6ed1055-1md00-0ba2\/\"]}]},{\"@type\":\"ImageObject\",\"inLanguage\":\"pt-PT\",\"@id\":\"https:\/\/www.c2psu.com\/product\/siemens-logo-am2-rtd-expansion-module-power-supply-12-24vdc-6ed1055-1md00-0ba2\/#primaryimage\",\"url\":\"https:\/\/www.c2psu.com\/wp-content\/uploads\/2026\/01\/products-b936e61c_7242d707-216a-4d01-a1c1-28abafb0d671.jpg\",\"contentUrl\":\"https:\/\/www.c2psu.com\/wp-content\/uploads\/2026\/01\/products-b936e61c_7242d707-216a-4d01-a1c1-28abafb0d671.jpg\",\"width\":800,\"height\":800,\"caption\":\"52da0e59-6766-4271-ae61-8340e147e53b\"},{\"@type\":\"BreadcrumbList\",\"@id\":\"https:\/\/www.c2psu.com\/product\/siemens-logo-am2-rtd-expansion-module-power-supply-12-24vdc-6ed1055-1md00-0ba2\/#breadcrumb\",\"itemListElement\":[{\"@type\":\"ListItem\",\"position\":1,\"name\":\"Home\",\"item\":\"https:\/\/www.c2psu.com\/\"},{\"@type\":\"ListItem\",\"position\":2,\"name\":\"Shop\",\"item\":\"https:\/\/www.c2psu.com\/products\/\"},{\"@type\":\"ListItem\",\"position\":3,\"name\":\"Siemens LOGO!AM2 RTD Expansion Module Power Supply 12\/24VDC 6ED1055-1MD00-0BA2\"}]},{\"@type\":\"WebSite\",\"@id\":\"https:\/\/www.c2psu.com\/#website\",\"url\":\"https:\/\/www.c2psu.com\/\",\"name\":\"C2PSU\",\"description\":\"Industrial electronics\",\"publisher\":{\"@id\":\"https:\/\/www.c2psu.com\/#organization\"},\"alternateName\":\"C2PSU-Industrial electronics\",\"potentialAction\":[{\"@type\":\"SearchAction\",\"target\":{\"@type\":\"EntryPoint\",\"urlTemplate\":\"https:\/\/www.c2psu.com\/?s={search_term_string}\"},\"query-input\":{\"@type\":\"PropertyValueSpecification\",\"valueRequired\":true,\"valueName\":\"search_term_string\"}}],\"inLanguage\":\"pt-PT\"},{\"@type\":\"Organization\",\"@id\":\"https:\/\/www.c2psu.com\/#organization\",\"name\":\"C2PSU\",\"url\":\"https:\/\/www.c2psu.com\/\",\"logo\":{\"@type\":\"ImageObject\",\"inLanguage\":\"pt-PT\",\"@id\":\"https:\/\/www.c2psu.com\/#\/schema\/logo\/image\/\",\"url\":\"https:\/\/www.c2psu.com\/wp-content\/uploads\/2025\/11\/C2PSU.png\",\"contentUrl\":\"https:\/\/www.c2psu.com\/wp-content\/uploads\/2025\/11\/C2PSU.png\",\"width\":755,\"height\":374,\"caption\":\"C2PSU\"},\"image\":{\"@id\":\"https:\/\/www.c2psu.com\/#\/schema\/logo\/image\/\"},\"hasMerchantReturnPolicy\":{\"@type\":\"MerchantReturnPolicy\",\"merchantReturnLink\":\"https:\/\/www.c2psu.com\/pt\/refund_returns\/\"}}]}<\/script>\n<meta property=\"product:price:amount\" content=\"170.00\" \/>\n<meta property=\"product:price:currency\" content=\"USD\" \/>\n<meta property=\"og:availability\" content=\"instock\" \/>\n<meta property=\"product:availability\" content=\"instock\" \/>\n<meta property=\"product:retailer_item_id\" content=\"775037406364_6ED1055-1MD00-0BA2\" \/>\n<meta property=\"product:condition\" content=\"new\" \/>\n<!-- \/ Yoast SEO Premium plugin. -->","yoast_head_json":{"title":"Fonte de alimenta\u00e7\u00e3o do m\u00f3dulo Siemens 12\/24VDC 6ED1055-1MD00-0BA2","description":"O m\u00f3dulo de expans\u00e3o Siemens LOGO! AM2 RTD Expansion Module (6ED1055-1MD00-0BA2) \u00e9 um m\u00f3dulo de interface especializado concebido para expandir as capacidades do Siemens LOGO!","robots":{"index":"index","follow":"follow","max-snippet":"max-snippet:-1","max-image-preview":"max-image-preview:large","max-video-preview":"max-video-preview:-1"},"canonical":"https:\/\/www.c2psu.com\/pt\/product\/siemens-logo-am2-rtd-expansion-module-power-supply-12-24vdc-6ed1055-1md00-0ba2\/","og_locale":"pt_PT","og_type":"article","og_title":"Siemens LOGO!AM2 RTD Expansion Module Power Supply 12\/24VDC 6ED1055-1MD00-0BA2","og_description":"The Siemens LOGO! AM2 RTD Expansion Module (6ED1055-1MD00-0BA2) is a specialized interface module designed to expand the capabilities of the Siemens LOGO!","og_url":"https:\/\/www.c2psu.com\/pt\/product\/siemens-logo-am2-rtd-expansion-module-power-supply-12-24vdc-6ed1055-1md00-0ba2\/","og_site_name":"C2PSU","article_modified_time":"2026-03-01T06:58:24+00:00","og_image":[{"width":800,"height":800,"url":"https:\/\/www.c2psu.com\/wp-content\/uploads\/2026\/01\/products-b936e61c_7242d707-216a-4d01-a1c1-28abafb0d671.jpg","type":"image\/jpeg"}],"twitter_card":"summary_large_image","twitter_misc":{"pre\u00e7o":"&#36;170.00","Disponibilidade":"Em stock"},"schema":{"@context":"https:\/\/schema.org","@graph":[{"@type":"WebPage","@id":"https:\/\/www.c2psu.com\/product\/siemens-logo-am2-rtd-expansion-module-power-supply-12-24vdc-6ed1055-1md00-0ba2\/","url":"https:\/\/www.c2psu.com\/product\/siemens-logo-am2-rtd-expansion-module-power-supply-12-24vdc-6ed1055-1md00-0ba2\/","name":"Fonte de alimenta\u00e7\u00e3o do m\u00f3dulo Siemens 12\/24VDC 6ED1055-1MD00-0BA2","isPartOf":{"@id":"https:\/\/www.c2psu.com\/#website"},"primaryImageOfPage":{"@id":"https:\/\/www.c2psu.com\/product\/siemens-logo-am2-rtd-expansion-module-power-supply-12-24vdc-6ed1055-1md00-0ba2\/#primaryimage"},"image":{"@id":"https:\/\/www.c2psu.com\/product\/siemens-logo-am2-rtd-expansion-module-power-supply-12-24vdc-6ed1055-1md00-0ba2\/#primaryimage"},"thumbnailUrl":"https:\/\/www.c2psu.com\/wp-content\/uploads\/2026\/01\/products-b936e61c_7242d707-216a-4d01-a1c1-28abafb0d671.jpg","datePublished":"2026-01-14T16:31:12+00:00","dateModified":"2026-03-01T06:58:24+00:00","description":"O m\u00f3dulo de expans\u00e3o Siemens LOGO! AM2 RTD Expansion Module (6ED1055-1MD00-0BA2) \u00e9 um m\u00f3dulo de interface especializado concebido para expandir as capacidades do Siemens LOGO!","breadcrumb":{"@id":"https:\/\/www.c2psu.com\/product\/siemens-logo-am2-rtd-expansion-module-power-supply-12-24vdc-6ed1055-1md00-0ba2\/#breadcrumb"},"inLanguage":"pt-PT","potentialAction":[{"@type":"ReadAction","target":["https:\/\/www.c2psu.com\/product\/siemens-logo-am2-rtd-expansion-module-power-supply-12-24vdc-6ed1055-1md00-0ba2\/"]}]},{"@type":"ImageObject","inLanguage":"pt-PT","@id":"https:\/\/www.c2psu.com\/product\/siemens-logo-am2-rtd-expansion-module-power-supply-12-24vdc-6ed1055-1md00-0ba2\/#primaryimage","url":"https:\/\/www.c2psu.com\/wp-content\/uploads\/2026\/01\/products-b936e61c_7242d707-216a-4d01-a1c1-28abafb0d671.jpg","contentUrl":"https:\/\/www.c2psu.com\/wp-content\/uploads\/2026\/01\/products-b936e61c_7242d707-216a-4d01-a1c1-28abafb0d671.jpg","width":800,"height":800,"caption":"52da0e59-6766-4271-ae61-8340e147e53b"},{"@type":"BreadcrumbList","@id":"https:\/\/www.c2psu.com\/product\/siemens-logo-am2-rtd-expansion-module-power-supply-12-24vdc-6ed1055-1md00-0ba2\/#breadcrumb","itemListElement":[{"@type":"ListItem","position":1,"name":"Home","item":"https:\/\/www.c2psu.com\/"},{"@type":"ListItem","position":2,"name":"Shop","item":"https:\/\/www.c2psu.com\/products\/"},{"@type":"ListItem","position":3,"name":"Siemens LOGO!AM2 RTD Expansion Module Power Supply 12\/24VDC 6ED1055-1MD00-0BA2"}]},{"@type":"WebSite","@id":"https:\/\/www.c2psu.com\/#website","url":"https:\/\/www.c2psu.com\/","name":"C2PSU","description":"Industrial electronics","publisher":{"@id":"https:\/\/www.c2psu.com\/#organization"},"alternateName":"C2PSU-Industrial electronics","potentialAction":[{"@type":"SearchAction","target":{"@type":"EntryPoint","urlTemplate":"https:\/\/www.c2psu.com\/?s={search_term_string}"},"query-input":{"@type":"PropertyValueSpecification","valueRequired":true,"valueName":"search_term_string"}}],"inLanguage":"pt-PT"},{"@type":"Organization","@id":"https:\/\/www.c2psu.com\/#organization","name":"C2PSU","url":"https:\/\/www.c2psu.com\/","logo":{"@type":"ImageObject","inLanguage":"pt-PT","@id":"https:\/\/www.c2psu.com\/#\/schema\/logo\/image\/","url":"https:\/\/www.c2psu.com\/wp-content\/uploads\/2025\/11\/C2PSU.png","contentUrl":"https:\/\/www.c2psu.com\/wp-content\/uploads\/2025\/11\/C2PSU.png","width":755,"height":374,"caption":"C2PSU"},"image":{"@id":"https:\/\/www.c2psu.com\/#\/schema\/logo\/image\/"},"hasMerchantReturnPolicy":{"@type":"MerchantReturnPolicy","merchantReturnLink":"https:\/\/www.c2psu.com\/pt\/refund_returns\/"}}]},"product_price_amount":"170.00","product_price_currency":"USD","og_availability":"instock","product_availability":"instock","product_retailer_item_id":"775037406364_6ED1055-1MD00-0BA2","product_condition":"new"},"jetpack_sharing_enabled":true,"_links":{"self":[{"href":"https:\/\/www.c2psu.com\/pt\/wp-json\/wp\/v2\/product\/34196","targetHints":{"allow":["GET"]}}],"collection":[{"href":"https:\/\/www.c2psu.com\/pt\/wp-json\/wp\/v2\/product"}],"about":[{"href":"https:\/\/www.c2psu.com\/pt\/wp-json\/wp\/v2\/types\/product"}],"replies":[{"embeddable":true,"href":"https:\/\/www.c2psu.com\/pt\/wp-json\/wp\/v2\/comments?post=34196"}],"version-history":[{"count":2,"href":"https:\/\/www.c2psu.com\/pt\/wp-json\/wp\/v2\/product\/34196\/revisions"}],"predecessor-version":[{"id":36551,"href":"https:\/\/www.c2psu.com\/pt\/wp-json\/wp\/v2\/product\/34196\/revisions\/36551"}],"wp:featuredmedia":[{"embeddable":true,"href":"https:\/\/www.c2psu.com\/pt\/wp-json\/wp\/v2\/media\/34198"}],"wp:attachment":[{"href":"https:\/\/www.c2psu.com\/pt\/wp-json\/wp\/v2\/media?parent=34196"}],"wp:term":[{"taxonomy":"brand","embeddable":true,"href":"https:\/\/www.c2psu.com\/pt\/wp-json\/wp\/v2\/etheme_brands?post=34196"},{"taxonomy":"product_brand","embeddable":true,"href":"https:\/\/www.c2psu.com\/pt\/wp-json\/wp\/v2\/product_brand?post=34196"},{"taxonomy":"product_cat","embeddable":true,"href":"https:\/\/www.c2psu.com\/pt\/wp-json\/wp\/v2\/product_cat?post=34196"},{"taxonomy":"product_tag","embeddable":true,"href":"https:\/\/www.c2psu.com\/pt\/wp-json\/wp\/v2\/product_tag?post=34196"}],"curies":[{"name":"wp","href":"https:\/\/api.w.org\/{rel}","templated":true}]}}