{"id":23814,"date":"2026-01-10T19:25:55","date_gmt":"2026-01-10T19:25:55","guid":{"rendered":"https:\/\/c2psu.com\/?post_type=product&#038;p=23814"},"modified":"2026-02-06T07:01:34","modified_gmt":"2026-02-06T07:01:34","slug":"apv-25-12-mean-well-led-driver-power-supply-25w-12volt-2-1a-single-output-dc-12v-2a-led-lighting-led","status":"publish","type":"product","link":"https:\/\/www.c2psu.com\/es\/product\/apv-25-12-mean-well-led-driver-power-supply-25w-12volt-2-1a-single-output-dc-12v-2a-led-lighting-led\/","title":{"rendered":"APV-25-12 Mean Well LED Driver Fuente de alimentaci\u00f3n 25W 12volt 2.1A Salida \u00fanica DC 12V 2A Iluminaci\u00f3n LED, Se\u00f1alizaci\u00f3n LED 0 ~ 2.1A 2 A\u00f1os \/"},"content":{"rendered":"<p>Input Voltage\uff1a90 ~ 264VAC<br \/>\nOutput Current\uff1a0 ~ 2.1A<br \/>\nOutput Voltage\uff1a12 V<br \/>\nModel Number\uff1aAPV-25-12<br \/>\nBrand Name\uff1aMean Well<br \/>\nPlace of Origin\uff1aGuangdong, China<br \/>\nOutput Frequency\uff1a\/<br \/>\nOutput Type\uff1aSingle<br \/>\nProduct\uff1aLED Driver 12V 2A<br \/>\nDimension\uff1a84*57*29.5mm (L*W*H)<br \/>\nEfficiency\uff1a82%<br \/>\nIP Rate\uff1aIP42<br \/>\nWarranty\uff1a2 years<br \/>\nShell\uff1aPlastic case<br \/>\nWorking Temp.\uff1a-30 ~ +70\u00b0C<br \/>\nCooling\uff1aBy free air convection<br \/>\nApplication\uff1aLED Lighting, LED Signage<br \/>\nProtections\uff1aShort circuit \/ Overload \/ Over voltage<\/p>","protected":false},"excerpt":{"rendered":"<p>En\u00a0<strong>Pozo medio APV-25-12<\/strong>\u00a0es un controlador LED de tensi\u00f3n constante de 25 W, IP67, resistente al agua y de alto rendimiento, dise\u00f1ado para un funcionamiento fiable en entornos interiores y exteriores exigentes. Proporciona un\u00a0<strong>Salida de 12 V CC a 2,1 A<\/strong>, este controlador cuenta con un\u00a0<strong>caja met\u00e1lica totalmente sellada<\/strong>\u00a0con protecci\u00f3n total IP67 contra el polvo, el agua y las condiciones m\u00e1s duras. Equipado con\u00a0<strong>Correcci\u00f3n del factor de potencia activo (&gt;0,95)<\/strong>\u00a0para una eficiencia energ\u00e9tica superior y una amplia\u00a0<strong>Rango de entrada 85-264 VCA<\/strong>\u00a0de compatibilidad global, es ideal para\u00a0<strong>se\u00f1alizaci\u00f3n comercial, tiras de LED, iluminaci\u00f3n paisaj\u00edstica y sistemas de control industrial<\/strong>. Con protecciones el\u00e9ctricas integrales y un dise\u00f1o no regulable, el APV-25-12 proporciona una alimentaci\u00f3n fiable y sin mantenimiento para proyectos de iluminaci\u00f3n de 25 W que requieren una alimentaci\u00f3n duradera de 12 V.<\/p>","protected":false},"featured_media":23816,"comment_status":"open","ping_status":"closed","template":"","meta":{"_acf_changed":false,"_elementor_edit_mode":"","_elementor_template_type":"","_elementor_data":"","_elementor_page_settings":null,"_elementor_conditions":[]},"etheme_brands":[{"term_id":156,"name":"MEANWELL","slug":"meanwell","term_group":0,"term_taxonomy_id":156,"taxonomy":"brand","description":"MEAN WELL is not a consumer brand but a\u00a0<strong>cornerstone of the global industrial ecosystem<\/strong>. Its products are the invisible, reliable \"power heart\" inside millions of machines and systems worldwide. Choosing MEAN WELL is rarely about cutting-edge specs for a single product; it's about choosing\u00a0<strong>risk mitigation, supply chain certainty, and proven performance at scale<\/strong>\u00a0for critical applications.\r\n<div id=\"gtx-trans\" style=\"position: absolute;left: 45px;top: 86px\">\r\n<div class=\"gtx-trans-icon\"><\/div>\r\n<\/div>","parent":0,"count":737,"filter":"raw"}],"product_brand":[608],"product_cat":[598],"product_tag":[299,1987,531,1988,825,418,1690,304,317,305,1989,319,308,888,309,501],"class_list":{"0":"post-23814","1":"product","2":"type-product","3":"status-publish","4":"has-post-thumbnail","6":"brand-meanwell","7":"product_brand-meanwell-brand","8":"product_cat-led-drivers","9":"product_tag-12v","10":"product_tag-2-1a","11":"product_tag-25w","12":"product_tag-apv-25-12","13":"product_tag-driver","14":"product_tag-led","15":"product_tag-lighting","16":"product_tag-mean","17":"product_tag-output","18":"product_tag-power","19":"product_tag-signage","20":"product_tag-single","21":"product_tag-supply","22":"product_tag-volt","23":"product_tag-well","24":"product_tag-year","25":"pa_option-25w-4","27":"first","28":"instock","29":"sale","30":"purchasable","31":"product-type-simple"},"acf":[],"yoast_head":"<!-- This site is optimized with the Yoast SEO Premium plugin v25.5 (Yoast SEO v26.6) - https:\/\/yoast.com\/wordpress\/plugins\/seo\/ -->\n<title>APV-25-12 Mean Well LED Driver Power Supply 25W<\/title>\n<meta name=\"description\" content=\"The Mean Well APV-25-12 is a high-performance 25W IP67 waterproof constant voltage LED driver engineered for reliable operation in demanding indoor\" \/>\n<meta name=\"robots\" content=\"index, follow, max-snippet:-1, max-image-preview:large, max-video-preview:-1\" \/>\n<link rel=\"canonical\" href=\"https:\/\/www.c2psu.com\/es\/product\/apv-25-12-mean-well-led-driver-power-supply-25w-12volt-2-1a-single-output-dc-12v-2a-led-lighting-led\/\" \/>\n<meta property=\"og:locale\" content=\"es_ES\" \/>\n<meta property=\"og:type\" content=\"article\" \/>\n<meta property=\"og:title\" content=\"APV-25-12 Mean Well LED Driver Power Supply 25W 12volt 2.1A Single Output DC 12V 2A LED Lighting, LED Signage 0 ~ 2.1A 2 Years \/\" \/>\n<meta property=\"og:description\" content=\"The Mean Well APV-25-12 is a high-performance 25W IP67 waterproof constant voltage LED driver engineered for reliable operation in demanding indoor\" \/>\n<meta property=\"og:url\" content=\"https:\/\/www.c2psu.com\/es\/product\/apv-25-12-mean-well-led-driver-power-supply-25w-12volt-2-1a-single-output-dc-12v-2a-led-lighting-led\/\" \/>\n<meta property=\"og:site_name\" content=\"C2PSU\" \/>\n<meta property=\"article:modified_time\" content=\"2026-02-06T07:01:34+00:00\" \/>\n<meta property=\"og:image\" content=\"https:\/\/www.c2psu.com\/wp-content\/uploads\/2026\/01\/products-48f1a85b_6ac047d6-855c-4d80-b0f8-949cd9780006.jpg\" \/>\n\t<meta property=\"og:image:width\" content=\"800\" \/>\n\t<meta property=\"og:image:height\" content=\"800\" \/>\n\t<meta property=\"og:image:type\" content=\"image\/jpeg\" \/>\n<meta name=\"twitter:card\" content=\"summary_large_image\" \/>\n<meta name=\"twitter:label1\" content=\"Precio\" \/>\n\t<meta name=\"twitter:data1\" content=\"&#036;9.80\" \/>\n\t<meta name=\"twitter:label2\" content=\"Disponibilidad\" \/>\n\t<meta name=\"twitter:data2\" content=\"Disponible\" \/>\n<script type=\"application\/ld+json\" class=\"yoast-schema-graph\">{\"@context\":\"https:\/\/schema.org\",\"@graph\":[{\"@type\":\"WebPage\",\"@id\":\"https:\/\/www.c2psu.com\/product\/apv-25-12-mean-well-led-driver-power-supply-25w-12volt-2-1a-single-output-dc-12v-2a-led-lighting-led\/\",\"url\":\"https:\/\/www.c2psu.com\/product\/apv-25-12-mean-well-led-driver-power-supply-25w-12volt-2-1a-single-output-dc-12v-2a-led-lighting-led\/\",\"name\":\"APV-25-12 Mean Well LED Driver Power Supply 25W\",\"isPartOf\":{\"@id\":\"https:\/\/www.c2psu.com\/#website\"},\"primaryImageOfPage\":{\"@id\":\"https:\/\/www.c2psu.com\/product\/apv-25-12-mean-well-led-driver-power-supply-25w-12volt-2-1a-single-output-dc-12v-2a-led-lighting-led\/#primaryimage\"},\"image\":{\"@id\":\"https:\/\/www.c2psu.com\/product\/apv-25-12-mean-well-led-driver-power-supply-25w-12volt-2-1a-single-output-dc-12v-2a-led-lighting-led\/#primaryimage\"},\"thumbnailUrl\":\"https:\/\/www.c2psu.com\/wp-content\/uploads\/2026\/01\/products-48f1a85b_6ac047d6-855c-4d80-b0f8-949cd9780006.jpg\",\"datePublished\":\"2026-01-10T19:25:55+00:00\",\"dateModified\":\"2026-02-06T07:01:34+00:00\",\"description\":\"The Mean Well APV-25-12 is a high-performance 25W IP67 waterproof constant voltage LED driver engineered for reliable operation in demanding indoor\",\"breadcrumb\":{\"@id\":\"https:\/\/www.c2psu.com\/product\/apv-25-12-mean-well-led-driver-power-supply-25w-12volt-2-1a-single-output-dc-12v-2a-led-lighting-led\/#breadcrumb\"},\"inLanguage\":\"es\",\"potentialAction\":[{\"@type\":\"ReadAction\",\"target\":[\"https:\/\/www.c2psu.com\/product\/apv-25-12-mean-well-led-driver-power-supply-25w-12volt-2-1a-single-output-dc-12v-2a-led-lighting-led\/\"]}]},{\"@type\":\"ImageObject\",\"inLanguage\":\"es\",\"@id\":\"https:\/\/www.c2psu.com\/product\/apv-25-12-mean-well-led-driver-power-supply-25w-12volt-2-1a-single-output-dc-12v-2a-led-lighting-led\/#primaryimage\",\"url\":\"https:\/\/www.c2psu.com\/wp-content\/uploads\/2026\/01\/products-48f1a85b_6ac047d6-855c-4d80-b0f8-949cd9780006.jpg\",\"contentUrl\":\"https:\/\/www.c2psu.com\/wp-content\/uploads\/2026\/01\/products-48f1a85b_6ac047d6-855c-4d80-b0f8-949cd9780006.jpg\",\"width\":800,\"height\":800,\"caption\":\"1103a2ea-7d55-4f47-b374-a62f9f9cfdaa\"},{\"@type\":\"BreadcrumbList\",\"@id\":\"https:\/\/www.c2psu.com\/product\/apv-25-12-mean-well-led-driver-power-supply-25w-12volt-2-1a-single-output-dc-12v-2a-led-lighting-led\/#breadcrumb\",\"itemListElement\":[{\"@type\":\"ListItem\",\"position\":1,\"name\":\"Home\",\"item\":\"https:\/\/www.c2psu.com\/\"},{\"@type\":\"ListItem\",\"position\":2,\"name\":\"Shop\",\"item\":\"https:\/\/www.c2psu.com\/products\/\"},{\"@type\":\"ListItem\",\"position\":3,\"name\":\"APV-25-12 Mean Well LED Driver Power Supply 25W 12volt 2.1A Single Output DC 12V 2A LED Lighting, LED Signage 0 ~ 2.1A 2 Years \/\"}]},{\"@type\":\"WebSite\",\"@id\":\"https:\/\/www.c2psu.com\/#website\",\"url\":\"https:\/\/www.c2psu.com\/\",\"name\":\"C2PSU\",\"description\":\"Industrial electronics\",\"publisher\":{\"@id\":\"https:\/\/www.c2psu.com\/#organization\"},\"alternateName\":\"C2PSU-Industrial electronics\",\"potentialAction\":[{\"@type\":\"SearchAction\",\"target\":{\"@type\":\"EntryPoint\",\"urlTemplate\":\"https:\/\/www.c2psu.com\/?s={search_term_string}\"},\"query-input\":{\"@type\":\"PropertyValueSpecification\",\"valueRequired\":true,\"valueName\":\"search_term_string\"}}],\"inLanguage\":\"es\"},{\"@type\":\"Organization\",\"@id\":\"https:\/\/www.c2psu.com\/#organization\",\"name\":\"C2PSU\",\"url\":\"https:\/\/www.c2psu.com\/\",\"logo\":{\"@type\":\"ImageObject\",\"inLanguage\":\"es\",\"@id\":\"https:\/\/www.c2psu.com\/#\/schema\/logo\/image\/\",\"url\":\"https:\/\/www.c2psu.com\/wp-content\/uploads\/2025\/11\/C2PSU.png\",\"contentUrl\":\"https:\/\/www.c2psu.com\/wp-content\/uploads\/2025\/11\/C2PSU.png\",\"width\":755,\"height\":374,\"caption\":\"C2PSU\"},\"image\":{\"@id\":\"https:\/\/www.c2psu.com\/#\/schema\/logo\/image\/\"},\"hasMerchantReturnPolicy\":{\"@type\":\"MerchantReturnPolicy\",\"merchantReturnLink\":\"https:\/\/www.c2psu.com\/es\/refund_returns\/\"}}]}<\/script>\n<meta property=\"product:price:amount\" content=\"9.80\" \/>\n<meta property=\"product:price:currency\" content=\"USD\" \/>\n<meta property=\"og:availability\" content=\"instock\" \/>\n<meta property=\"product:availability\" content=\"instock\" \/>\n<meta property=\"product:retailer_item_id\" content=\"60292644501_25W\" \/>\n<meta property=\"product:condition\" content=\"new\" \/>\n<!-- \/ Yoast SEO Premium plugin. -->","yoast_head_json":{"title":"APV-25-12 Fuente de alimentaci\u00f3n Mean Well LED Driver 25 W","description":"El Mean Well APV-25-12 es un controlador LED de tensi\u00f3n constante de 25 W, resistente al agua (IP67) y de alto rendimiento, dise\u00f1ado para un funcionamiento fiable en interiores exigentes.","robots":{"index":"index","follow":"follow","max-snippet":"max-snippet:-1","max-image-preview":"max-image-preview:large","max-video-preview":"max-video-preview:-1"},"canonical":"https:\/\/www.c2psu.com\/es\/product\/apv-25-12-mean-well-led-driver-power-supply-25w-12volt-2-1a-single-output-dc-12v-2a-led-lighting-led\/","og_locale":"es_ES","og_type":"article","og_title":"APV-25-12 Mean Well LED Driver Power Supply 25W 12volt 2.1A Single Output DC 12V 2A LED Lighting, LED Signage 0 ~ 2.1A 2 Years \/","og_description":"The Mean Well APV-25-12 is a high-performance 25W IP67 waterproof constant voltage LED driver engineered for reliable operation in demanding indoor","og_url":"https:\/\/www.c2psu.com\/es\/product\/apv-25-12-mean-well-led-driver-power-supply-25w-12volt-2-1a-single-output-dc-12v-2a-led-lighting-led\/","og_site_name":"C2PSU","article_modified_time":"2026-02-06T07:01:34+00:00","og_image":[{"width":800,"height":800,"url":"https:\/\/www.c2psu.com\/wp-content\/uploads\/2026\/01\/products-48f1a85b_6ac047d6-855c-4d80-b0f8-949cd9780006.jpg","type":"image\/jpeg"}],"twitter_card":"summary_large_image","twitter_misc":{"Precio":"&#36;9.80","Disponibilidad":"Disponible"},"schema":{"@context":"https:\/\/schema.org","@graph":[{"@type":"WebPage","@id":"https:\/\/www.c2psu.com\/product\/apv-25-12-mean-well-led-driver-power-supply-25w-12volt-2-1a-single-output-dc-12v-2a-led-lighting-led\/","url":"https:\/\/www.c2psu.com\/product\/apv-25-12-mean-well-led-driver-power-supply-25w-12volt-2-1a-single-output-dc-12v-2a-led-lighting-led\/","name":"APV-25-12 Fuente de alimentaci\u00f3n Mean Well LED Driver 25 W","isPartOf":{"@id":"https:\/\/www.c2psu.com\/#website"},"primaryImageOfPage":{"@id":"https:\/\/www.c2psu.com\/product\/apv-25-12-mean-well-led-driver-power-supply-25w-12volt-2-1a-single-output-dc-12v-2a-led-lighting-led\/#primaryimage"},"image":{"@id":"https:\/\/www.c2psu.com\/product\/apv-25-12-mean-well-led-driver-power-supply-25w-12volt-2-1a-single-output-dc-12v-2a-led-lighting-led\/#primaryimage"},"thumbnailUrl":"https:\/\/www.c2psu.com\/wp-content\/uploads\/2026\/01\/products-48f1a85b_6ac047d6-855c-4d80-b0f8-949cd9780006.jpg","datePublished":"2026-01-10T19:25:55+00:00","dateModified":"2026-02-06T07:01:34+00:00","description":"El Mean Well APV-25-12 es un controlador LED de tensi\u00f3n constante de 25 W, resistente al agua (IP67) y de alto rendimiento, dise\u00f1ado para un funcionamiento fiable en interiores exigentes.","breadcrumb":{"@id":"https:\/\/www.c2psu.com\/product\/apv-25-12-mean-well-led-driver-power-supply-25w-12volt-2-1a-single-output-dc-12v-2a-led-lighting-led\/#breadcrumb"},"inLanguage":"es","potentialAction":[{"@type":"ReadAction","target":["https:\/\/www.c2psu.com\/product\/apv-25-12-mean-well-led-driver-power-supply-25w-12volt-2-1a-single-output-dc-12v-2a-led-lighting-led\/"]}]},{"@type":"ImageObject","inLanguage":"es","@id":"https:\/\/www.c2psu.com\/product\/apv-25-12-mean-well-led-driver-power-supply-25w-12volt-2-1a-single-output-dc-12v-2a-led-lighting-led\/#primaryimage","url":"https:\/\/www.c2psu.com\/wp-content\/uploads\/2026\/01\/products-48f1a85b_6ac047d6-855c-4d80-b0f8-949cd9780006.jpg","contentUrl":"https:\/\/www.c2psu.com\/wp-content\/uploads\/2026\/01\/products-48f1a85b_6ac047d6-855c-4d80-b0f8-949cd9780006.jpg","width":800,"height":800,"caption":"1103a2ea-7d55-4f47-b374-a62f9f9cfdaa"},{"@type":"BreadcrumbList","@id":"https:\/\/www.c2psu.com\/product\/apv-25-12-mean-well-led-driver-power-supply-25w-12volt-2-1a-single-output-dc-12v-2a-led-lighting-led\/#breadcrumb","itemListElement":[{"@type":"ListItem","position":1,"name":"Home","item":"https:\/\/www.c2psu.com\/"},{"@type":"ListItem","position":2,"name":"Shop","item":"https:\/\/www.c2psu.com\/products\/"},{"@type":"ListItem","position":3,"name":"APV-25-12 Mean Well LED Driver Power Supply 25W 12volt 2.1A Single Output DC 12V 2A LED Lighting, LED Signage 0 ~ 2.1A 2 Years \/"}]},{"@type":"WebSite","@id":"https:\/\/www.c2psu.com\/#website","url":"https:\/\/www.c2psu.com\/","name":"C2PSU","description":"Industrial electronics","publisher":{"@id":"https:\/\/www.c2psu.com\/#organization"},"alternateName":"C2PSU-Industrial electronics","potentialAction":[{"@type":"SearchAction","target":{"@type":"EntryPoint","urlTemplate":"https:\/\/www.c2psu.com\/?s={search_term_string}"},"query-input":{"@type":"PropertyValueSpecification","valueRequired":true,"valueName":"search_term_string"}}],"inLanguage":"es"},{"@type":"Organization","@id":"https:\/\/www.c2psu.com\/#organization","name":"C2PSU","url":"https:\/\/www.c2psu.com\/","logo":{"@type":"ImageObject","inLanguage":"es","@id":"https:\/\/www.c2psu.com\/#\/schema\/logo\/image\/","url":"https:\/\/www.c2psu.com\/wp-content\/uploads\/2025\/11\/C2PSU.png","contentUrl":"https:\/\/www.c2psu.com\/wp-content\/uploads\/2025\/11\/C2PSU.png","width":755,"height":374,"caption":"C2PSU"},"image":{"@id":"https:\/\/www.c2psu.com\/#\/schema\/logo\/image\/"},"hasMerchantReturnPolicy":{"@type":"MerchantReturnPolicy","merchantReturnLink":"https:\/\/www.c2psu.com\/es\/refund_returns\/"}}]},"product_price_amount":"9.80","product_price_currency":"USD","og_availability":"instock","product_availability":"instock","product_retailer_item_id":"60292644501_25W","product_condition":"new"},"jetpack_sharing_enabled":true,"_links":{"self":[{"href":"https:\/\/www.c2psu.com\/es\/wp-json\/wp\/v2\/product\/23814","targetHints":{"allow":["GET"]}}],"collection":[{"href":"https:\/\/www.c2psu.com\/es\/wp-json\/wp\/v2\/product"}],"about":[{"href":"https:\/\/www.c2psu.com\/es\/wp-json\/wp\/v2\/types\/product"}],"replies":[{"embeddable":true,"href":"https:\/\/www.c2psu.com\/es\/wp-json\/wp\/v2\/comments?post=23814"}],"version-history":[{"count":1,"href":"https:\/\/www.c2psu.com\/es\/wp-json\/wp\/v2\/product\/23814\/revisions"}],"predecessor-version":[{"id":36993,"href":"https:\/\/www.c2psu.com\/es\/wp-json\/wp\/v2\/product\/23814\/revisions\/36993"}],"wp:featuredmedia":[{"embeddable":true,"href":"https:\/\/www.c2psu.com\/es\/wp-json\/wp\/v2\/media\/23816"}],"wp:attachment":[{"href":"https:\/\/www.c2psu.com\/es\/wp-json\/wp\/v2\/media?parent=23814"}],"wp:term":[{"taxonomy":"brand","embeddable":true,"href":"https:\/\/www.c2psu.com\/es\/wp-json\/wp\/v2\/etheme_brands?post=23814"},{"taxonomy":"product_brand","embeddable":true,"href":"https:\/\/www.c2psu.com\/es\/wp-json\/wp\/v2\/product_brand?post=23814"},{"taxonomy":"product_cat","embeddable":true,"href":"https:\/\/www.c2psu.com\/es\/wp-json\/wp\/v2\/product_cat?post=23814"},{"taxonomy":"product_tag","embeddable":true,"href":"https:\/\/www.c2psu.com\/es\/wp-json\/wp\/v2\/product_tag?post=23814"}],"curies":[{"name":"wp","href":"https:\/\/api.w.org\/{rel}","templated":true}]}}